{"id":453,"date":"2022-02-22T09:04:32","date_gmt":"2022-02-22T09:04:32","guid":{"rendered":"https:\/\/lucid-feistel.85-215-42-191.plesk.page\/?page_id=453"},"modified":"2026-01-16T15:10:09","modified_gmt":"2026-01-16T15:10:09","slug":"listino-prezzi","status":"publish","type":"page","link":"https:\/\/lidodellesirene.com\/?page_id=453","title":{"rendered":"Listino 2026 &#8211; Prezzi spiaggia Cattolica Lido delle Sirene"},"content":{"rendered":"\t\t<div data-elementor-type=\"wp-page\" data-elementor-id=\"453\" class=\"elementor elementor-453\" data-elementor-post-type=\"page\">\n\t\t\t\t\t\t<section class=\"penci-section penci-dmcheck penci-elbg-activate penci-disSticky penci-structure-10 elementor-section elementor-top-section elementor-element elementor-element-16d4620 elementor-section-boxed elementor-section-height-default elementor-section-height-default\" data-id=\"16d4620\" data-element_type=\"section\" data-e-type=\"section\" data-settings=\"{&quot;background_background&quot;:&quot;classic&quot;,&quot;shape_divider_bottom&quot;:&quot;waves&quot;}\">\n\t\t\t\t\t<div class=\"elementor-shape elementor-shape-bottom\" aria-hidden=\"true\" data-negative=\"false\">\n\t\t\t<svg xmlns=\"http:\/\/www.w3.org\/2000\/svg\" viewBox=\"0 0 1000 100\" preserveAspectRatio=\"none\">\n\t<path class=\"elementor-shape-fill\" d=\"M421.9,6.5c22.6-2.5,51.5,0.4,75.5,5.3c23.6,4.9,70.9,23.5,100.5,35.7c75.8,32.2,133.7,44.5,192.6,49.7\n\tc23.6,2.1,48.7,3.5,103.4-2.5c54.7-6,106.2-25.6,106.2-25.6V0H0v30.3c0,0,72,32.6,158.4,30.5c39.2-0.7,92.8-6.7,134-22.4\n\tc21.2-8.1,52.2-18.2,79.7-24.2C399.3,7.9,411.6,7.5,421.9,6.5z\"\/>\n<\/svg>\t\t<\/div>\n\t\t\t\t\t<div class=\"elementor-container elementor-column-gap-no\">\n\t\t\t\t\t<div class=\"penci-ercol-100 penci-ercol-order-1 penci-sticky-ct    elementor-column elementor-col-100 elementor-top-column elementor-element elementor-element-40dae33\" data-id=\"40dae33\" data-element_type=\"column\" data-e-type=\"column\">\n\t\t\t<div class=\"elementor-widget-wrap elementor-element-populated\">\n\t\t\t\t\t\t<div class=\"elementor-element elementor-element-2a7bd2f elementor-widget elementor-widget-penci-fancy_heading\" data-id=\"2a7bd2f\" data-element_type=\"widget\" data-e-type=\"widget\" data-widget_type=\"penci-fancy_heading.default\">\n\t\t\t\t<div class=\"elementor-widget-container\">\n\t\t\t\t\t\t\t<div class=\"penci-fancy-heading penci-heading-text-center\">\n\t\t\t<div class=\"penci-fancy-heading-inner\">\n\t\t\t\t<h1 class=\"penci-heading-title\"><span class=\"inner-tit\">Listino 2026<\/span><\/h1>\t\t\t<\/div>\n\t\t<\/div>\n\t\t\t\t\t\t<\/div>\n\t\t\t\t<\/div>\n\t\t\t\t\t<\/div>\n\t\t<\/div>\n\t\t\t\t\t<\/div>\n\t\t<\/section>\n\t\t\t\t<section class=\"penci-section penci-disSticky penci-structure-10 elementor-section elementor-top-section elementor-element elementor-element-6e951a7 elementor-section-boxed elementor-section-height-default elementor-section-height-default\" data-id=\"6e951a7\" data-element_type=\"section\" data-e-type=\"section\">\n\t\t\t\t\t\t<div class=\"elementor-container elementor-column-gap-default\">\n\t\t\t\t\t<div class=\"penci-ercol-100 penci-ercol-order-1 penci-sticky-ct    elementor-column elementor-col-100 elementor-top-column elementor-element elementor-element-2f1dd01\" data-id=\"2f1dd01\" data-element_type=\"column\" data-e-type=\"column\">\n\t\t\t<div class=\"elementor-widget-wrap elementor-element-populated\">\n\t\t\t\t\t\t<div class=\"elementor-element elementor-element-1392c4d elementor-widget elementor-widget-penci-text-block\" data-id=\"1392c4d\" data-element_type=\"widget\" data-e-type=\"widget\" data-widget_type=\"penci-text-block.default\">\n\t\t\t\t<div class=\"elementor-widget-container\">\n\t\t\t\t\t\t\t<div class=\"penci-block-vc penci-text-editor\">\n\t\t\t\t\t\t<div class=\"penci-block_content\">\n\t\t\t\t<div class=\"elementor-text-editor elementor-clearfix\"><p style=\"text-align: center;\">In un contesto economico in cui i costi e le spese sembrano costantemente in ascesa, \u00e8 raro trovare un rifugio di stabilit\u00e0.<\/p><\/div>\n\t\t\t<\/div>\n\t\t<\/div>\n\t\t\t\t\t\t<\/div>\n\t\t\t\t<\/div>\n\t\t\t\t\t<\/div>\n\t\t<\/div>\n\t\t\t\t\t<\/div>\n\t\t<\/section>\n\t\t\t\t<section class=\"penci-section penci-disSticky penci-structure-10 elementor-section elementor-top-section elementor-element elementor-element-f05cf1e elementor-section-boxed elementor-section-height-default elementor-section-height-default\" data-id=\"f05cf1e\" data-element_type=\"section\" data-e-type=\"section\">\n\t\t\t\t\t\t<div class=\"elementor-container elementor-column-gap-no\">\n\t\t\t\t\t<div class=\"penci-ercol-100 penci-ercol-order-1 penci-sticky-ct    elementor-column elementor-col-100 elementor-top-column elementor-element elementor-element-36e55f1\" data-id=\"36e55f1\" data-element_type=\"column\" data-e-type=\"column\">\n\t\t\t<div class=\"elementor-widget-wrap elementor-element-populated\">\n\t\t\t\t\t\t<section class=\"penci-section penci-disSticky penci-structure-10 elementor-section elementor-inner-section elementor-element elementor-element-cc4b680 elementor-section-boxed elementor-section-height-default elementor-section-height-default\" data-id=\"cc4b680\" data-element_type=\"section\" data-e-type=\"section\">\n\t\t\t\t\t\t<div class=\"elementor-container elementor-column-gap-extended\">\n\t\t\t\t\t<div class=\"penci-ercol-100 penci-ercol-order-1 penci-sticky-ct    elementor-column elementor-col-100 elementor-inner-column elementor-element elementor-element-57b7a58\" data-id=\"57b7a58\" data-element_type=\"column\" data-e-type=\"column\">\n\t\t\t<div class=\"elementor-widget-wrap elementor-element-populated\">\n\t\t\t\t\t\t<div class=\"elementor-element elementor-element-837d0b1 elementor-widget elementor-widget-penci-fancy_heading\" data-id=\"837d0b1\" data-element_type=\"widget\" data-e-type=\"widget\" data-widget_type=\"penci-fancy_heading.default\">\n\t\t\t\t<div class=\"elementor-widget-container\">\n\t\t\t\t\t\t\t<div class=\"penci-fancy-heading penci-heading-text-center\">\n\t\t\t<div class=\"penci-fancy-heading-inner\">\n\t\t\t\t<h2 class=\"penci-heading-title\"><span class=\"inner-tit\">Tariffe bassa stagione 2026<\/span><\/h2><div class=\"penci-heading-content entry-content\"><p>(fino al 12.06 e dal 07.09)<\/p>\n<\/div>\t\t\t<\/div>\n\t\t<\/div>\n\t\t\t\t\t\t<\/div>\n\t\t\t\t<\/div>\n\t\t\t\t<div class=\"elementor-element elementor-element-40b41b4 elementor-widget elementor-widget-image\" data-id=\"40b41b4\" data-element_type=\"widget\" data-e-type=\"widget\" data-widget_type=\"image.default\">\n\t\t\t\t<div class=\"elementor-widget-container\">\n\t\t\t\t\t\t\t\t\t\t\t\t\t\t\t<img fetchpriority=\"high\" decoding=\"async\" width=\"1024\" height=\"650\" src=\"https:\/\/lidodellesirene.com\/wp-content\/uploads\/2026\/01\/2026-listino-bassa-stagione.jpg\" class=\"attachment-large size-large wp-image-4057\" alt=\"Listino 2026 - Bassa stagione\" srcset=\"https:\/\/lidodellesirene.com\/wp-content\/uploads\/2026\/01\/2026-listino-bassa-stagione.jpg 1024w, https:\/\/lidodellesirene.com\/wp-content\/uploads\/2026\/01\/2026-listino-bassa-stagione-300x190.jpg 300w, https:\/\/lidodellesirene.com\/wp-content\/uploads\/2026\/01\/2026-listino-bassa-stagione-768x488.jpg 768w, https:\/\/lidodellesirene.com\/wp-content\/uploads\/2026\/01\/2026-listino-bassa-stagione-585x371.jpg 585w\" sizes=\"(max-width: 1024px) 100vw, 1024px\" \/>\t\t\t\t\t\t\t\t\t\t\t\t\t\t\t<\/div>\n\t\t\t\t<\/div>\n\t\t\t\t\t<\/div>\n\t\t<\/div>\n\t\t\t\t\t<\/div>\n\t\t<\/section>\n\t\t\t\t<div class=\"elementor-element elementor-element-a601385 elementor-widget elementor-widget-spacer\" data-id=\"a601385\" data-element_type=\"widget\" data-e-type=\"widget\" data-widget_type=\"spacer.default\">\n\t\t\t\t<div class=\"elementor-widget-container\">\n\t\t\t\t\t\t\t<div class=\"elementor-spacer\">\n\t\t\t<div class=\"elementor-spacer-inner\"><\/div>\n\t\t<\/div>\n\t\t\t\t\t\t<\/div>\n\t\t\t\t<\/div>\n\t\t\t\t<div class=\"elementor-element elementor-element-ba15d10 elementor-widget elementor-widget-penci-fancy_heading\" data-id=\"ba15d10\" data-element_type=\"widget\" data-e-type=\"widget\" data-widget_type=\"penci-fancy_heading.default\">\n\t\t\t\t<div class=\"elementor-widget-container\">\n\t\t\t\t\t\t\t<div class=\"penci-fancy-heading penci-heading-text-center\">\n\t\t\t<div class=\"penci-fancy-heading-inner\">\n\t\t\t\t<h2 class=\"penci-heading-title\"><span class=\"inner-tit\">Tariffe media stagione 2026<\/span><\/h2><div class=\"penci-heading-content entry-content\"><p>(Dal 13.06 al 31.07 e dal 31\/08 al 06.09)<\/p>\n<\/div>\t\t\t<\/div>\n\t\t<\/div>\n\t\t\t\t\t\t<\/div>\n\t\t\t\t<\/div>\n\t\t\t\t<div class=\"elementor-element elementor-element-39fea04 elementor-widget elementor-widget-image\" data-id=\"39fea04\" data-element_type=\"widget\" data-e-type=\"widget\" data-widget_type=\"image.default\">\n\t\t\t\t<div class=\"elementor-widget-container\">\n\t\t\t\t\t\t\t\t\t\t\t\t\t\t\t<img decoding=\"async\" width=\"1024\" height=\"650\" src=\"https:\/\/lidodellesirene.com\/wp-content\/uploads\/2026\/01\/2026-listino-media-stagione.jpg\" class=\"attachment-large size-large wp-image-4058\" alt=\"Listino 2026 - Media stagione\" srcset=\"https:\/\/lidodellesirene.com\/wp-content\/uploads\/2026\/01\/2026-listino-media-stagione.jpg 1024w, https:\/\/lidodellesirene.com\/wp-content\/uploads\/2026\/01\/2026-listino-media-stagione-300x190.jpg 300w, https:\/\/lidodellesirene.com\/wp-content\/uploads\/2026\/01\/2026-listino-media-stagione-768x488.jpg 768w, https:\/\/lidodellesirene.com\/wp-content\/uploads\/2026\/01\/2026-listino-media-stagione-585x371.jpg 585w\" sizes=\"(max-width: 1024px) 100vw, 1024px\" \/>\t\t\t\t\t\t\t\t\t\t\t\t\t\t\t<\/div>\n\t\t\t\t<\/div>\n\t\t\t\t<div class=\"elementor-element elementor-element-dbd5c18 elementor-widget elementor-widget-spacer\" data-id=\"dbd5c18\" data-element_type=\"widget\" data-e-type=\"widget\" data-widget_type=\"spacer.default\">\n\t\t\t\t<div class=\"elementor-widget-container\">\n\t\t\t\t\t\t\t<div class=\"elementor-spacer\">\n\t\t\t<div class=\"elementor-spacer-inner\"><\/div>\n\t\t<\/div>\n\t\t\t\t\t\t<\/div>\n\t\t\t\t<\/div>\n\t\t\t\t<div class=\"elementor-element elementor-element-d2f1937 elementor-widget elementor-widget-penci-fancy_heading\" data-id=\"d2f1937\" data-element_type=\"widget\" data-e-type=\"widget\" data-widget_type=\"penci-fancy_heading.default\">\n\t\t\t\t<div class=\"elementor-widget-container\">\n\t\t\t\t\t\t\t<div class=\"penci-fancy-heading penci-heading-text-center\">\n\t\t\t<div class=\"penci-fancy-heading-inner\">\n\t\t\t\t<h2 class=\"penci-heading-title\"><span class=\"inner-tit\">Tariffe alta stagione 2026<\/span><\/h2><div class=\"penci-heading-content entry-content\"><p>(Dal 01.08 al 30.08)<\/p>\n<\/div>\t\t\t<\/div>\n\t\t<\/div>\n\t\t\t\t\t\t<\/div>\n\t\t\t\t<\/div>\n\t\t\t\t<div class=\"elementor-element elementor-element-fd69d77 elementor-widget elementor-widget-image\" data-id=\"fd69d77\" data-element_type=\"widget\" data-e-type=\"widget\" data-widget_type=\"image.default\">\n\t\t\t\t<div class=\"elementor-widget-container\">\n\t\t\t\t\t\t\t\t\t\t\t\t\t\t\t<img decoding=\"async\" width=\"1024\" height=\"650\" src=\"https:\/\/lidodellesirene.com\/wp-content\/uploads\/2026\/01\/2026-listino-alta-stagione.jpg\" class=\"attachment-large size-large wp-image-4056\" alt=\"Listino 2026 - Alta stagione\" srcset=\"https:\/\/lidodellesirene.com\/wp-content\/uploads\/2026\/01\/2026-listino-alta-stagione.jpg 1024w, https:\/\/lidodellesirene.com\/wp-content\/uploads\/2026\/01\/2026-listino-alta-stagione-300x190.jpg 300w, https:\/\/lidodellesirene.com\/wp-content\/uploads\/2026\/01\/2026-listino-alta-stagione-768x488.jpg 768w, https:\/\/lidodellesirene.com\/wp-content\/uploads\/2026\/01\/2026-listino-alta-stagione-585x371.jpg 585w\" sizes=\"(max-width: 1024px) 100vw, 1024px\" \/>\t\t\t\t\t\t\t\t\t\t\t\t\t\t\t<\/div>\n\t\t\t\t<\/div>\n\t\t\t\t<div class=\"elementor-element elementor-element-9f92e50 elementor-widget elementor-widget-spacer\" data-id=\"9f92e50\" data-element_type=\"widget\" data-e-type=\"widget\" data-widget_type=\"spacer.default\">\n\t\t\t\t<div class=\"elementor-widget-container\">\n\t\t\t\t\t\t\t<div class=\"elementor-spacer\">\n\t\t\t<div class=\"elementor-spacer-inner\"><\/div>\n\t\t<\/div>\n\t\t\t\t\t\t<\/div>\n\t\t\t\t<\/div>\n\t\t\t\t<div class=\"elementor-element elementor-element-72be125 elementor-widget elementor-widget-penci-fancy_heading\" data-id=\"72be125\" data-element_type=\"widget\" data-e-type=\"widget\" data-widget_type=\"penci-fancy_heading.default\">\n\t\t\t\t<div class=\"elementor-widget-container\">\n\t\t\t\t\t\t\t<div class=\"penci-fancy-heading penci-heading-text-center\">\n\t\t\t<div class=\"penci-fancy-heading-inner\">\n\t\t\t\t<h2 class=\"penci-heading-title\"><span class=\"inner-tit\">GRUPPI TERZA ETA'<\/span><\/h2>\t\t\t<\/div>\n\t\t<\/div>\n\t\t\t\t\t\t<\/div>\n\t\t\t\t<\/div>\n\t\t\t\t<div class=\"elementor-element elementor-element-89f80c4 elementor-widget elementor-widget-html\" data-id=\"89f80c4\" data-element_type=\"widget\" data-e-type=\"widget\" data-widget_type=\"html.default\">\n\t\t\t\t<div class=\"elementor-widget-container\">\n\t\t\t\t\t<div align=\"center\">\r\n<div class=\"pcrstb-wrap\"><table border=\"1\" width=\"80%\" cellspacing=\"2\" cellpadding=\"2\">\r\n<tbody>\r\n<tr>\r\n<td colspan=\"3\">\r\n<div align=\"center\">\r\n<p><strong>\r\nTURISMO SOCIALE ESTATE 2026<br \/>Prezzi a persona<\/strong><\/p>\r\n<\/div>\r\n<\/td>\r\n<\/tr>\r\n<tr>\r\n<td>\r\n<div align=\"center\">\r\n<p><strong>Periodo<\/strong><\/p>\r\n<\/div>\r\n<\/td>\r\n<td width=\"17%\">\r\n<p align=\"center\"><strong>1 ombrellone<br \/>\r\n+ 2 lettini<\/strong><\/p>\r\n<\/td>\r\n<\/tr>\r\n<tr>\r\n<td><strong>Dal 01\/05 al 31\/05<\/strong><\/td>\r\n<td>\r\n<p align=\"center\">5,00<\/p>\r\n<\/td>\r\n<\/tr>\r\n<tr>\r\n<td><strong>Dal 01\/06 al 15\/06<\/strong><\/td>\r\n<td>\r\n<p align=\"center\">5,30<\/p>\r\n<\/td>\r\n<\/tr>\r\n<tr>\r\n<td><strong>Dal 16\/06 al 30\/06<\/strong><\/td>\r\n<td>\r\n<p align=\"center\">6,00<\/p>\r\n<\/td>\r\n<\/tr>\r\n<tr>\r\n<td><strong>Dal 01\/07 al 31\/07<\/strong><\/td>\r\n<td>\r\n<p align=\"center\">7,20<\/p>\r\n<\/td>\r\n<\/tr>\r\n<tr>\r\n<td><strong>Dal 01\/08 al 24\/08<\/strong><\/td>\r\n<td>\r\n<p align=\"center\">8,70<\/p>\r\n<\/td>\r\n<\/tr>\r\n<tr>\r\n<td><strong>Dal 25\/08 al 31\/08<\/strong><\/td>\r\n<td>\r\n<p align=\"center\"7,40<\/p>\r\n<\/td>\r\n<\/tr>\r\n<tr>\r\n<td><strong>Dal 01\/09 al 15\/09<\/strong><\/td>\r\n<td>\r\n<p align=\"center\">5,30<\/p>\r\n<\/td>\r\n<\/tr>\r\n<tr>\r\n<td><strong>Dal 16\/09 in poi<\/strong><\/td>\r\n<td>\r\n<p align=\"center\">5,00<\/p>\r\n<\/td>\r\n<\/tr>\r\n<tr>\r\n<td colspan=\"3\">\r\n<div align=\"left\">I prezzi si intendono a persona al giorno IVA compresa;<br \/>\r\nper ogni Gruppo Turismo Sociale verr\u00e0  riconosciuta una gratuit\u00e0  ogni 25 persone e per le successive verr\u00e0  calcolata un&#8217;altra gratuit\u00e0  ogni 20 persone. I prezzi indicati valgono per gruppi di almeno 10 persone, al di sotto di questo numero verr\u00e0  applicata la tariffa come listino.<\/div>\r\n<\/td>\r\n<\/tr>\r\n<\/tbody>\r\n<\/table><\/div><\/div>\t\t\t\t<\/div>\n\t\t\t\t<\/div>\n\t\t\t\t\t<\/div>\n\t\t<\/div>\n\t\t\t\t\t<\/div>\n\t\t<\/section>\n\t\t\t\t<section class=\"penci-section penci-dmcheck penci-elbg-activate penci-elbg-img penci-disSticky penci-structure-20 elementor-section elementor-top-section elementor-element elementor-element-5564ce7 elementor-section-boxed elementor-section-height-default elementor-section-height-default\" data-id=\"5564ce7\" data-element_type=\"section\" data-e-type=\"section\" data-settings=\"{&quot;background_background&quot;:&quot;classic&quot;,&quot;shape_divider_top&quot;:&quot;waves&quot;}\">\n\t\t\t\t\t\t\t<div class=\"elementor-background-overlay\"><\/div>\n\t\t\t\t\t\t<div class=\"elementor-shape elementor-shape-top\" aria-hidden=\"true\" data-negative=\"false\">\n\t\t\t<svg xmlns=\"http:\/\/www.w3.org\/2000\/svg\" viewBox=\"0 0 1000 100\" preserveAspectRatio=\"none\">\n\t<path class=\"elementor-shape-fill\" d=\"M421.9,6.5c22.6-2.5,51.5,0.4,75.5,5.3c23.6,4.9,70.9,23.5,100.5,35.7c75.8,32.2,133.7,44.5,192.6,49.7\n\tc23.6,2.1,48.7,3.5,103.4-2.5c54.7-6,106.2-25.6,106.2-25.6V0H0v30.3c0,0,72,32.6,158.4,30.5c39.2-0.7,92.8-6.7,134-22.4\n\tc21.2-8.1,52.2-18.2,79.7-24.2C399.3,7.9,411.6,7.5,421.9,6.5z\"\/>\n<\/svg>\t\t<\/div>\n\t\t\t\t\t<div class=\"elementor-container elementor-column-gap-wider\">\n\t\t\t\t\t<div class=\"penci-ercol-50 penci-ercol-order-1 penci-sticky-ct    elementor-column elementor-col-50 elementor-top-column elementor-element elementor-element-207d505\" data-id=\"207d505\" data-element_type=\"column\" data-e-type=\"column\">\n\t\t\t<div class=\"elementor-widget-wrap\">\n\t\t\t\t\t\t\t<\/div>\n\t\t<\/div>\n\t\t\t\t<div class=\"penci-ercol-50 penci-ercol-order-2 penci-sticky-ct    elementor-column elementor-col-50 elementor-top-column elementor-element elementor-element-5699fb5\" data-id=\"5699fb5\" data-element_type=\"column\" data-e-type=\"column\">\n\t\t\t<div class=\"elementor-widget-wrap elementor-element-populated\">\n\t\t\t\t\t\t<div class=\"elementor-element elementor-element-e20dadd elementor-view-default elementor-widget elementor-widget-icon\" data-id=\"e20dadd\" data-element_type=\"widget\" data-e-type=\"widget\" data-widget_type=\"icon.default\">\n\t\t\t\t<div class=\"elementor-widget-container\">\n\t\t\t\t\t\t\t<div class=\"elementor-icon-wrapper\">\n\t\t\t<div class=\"elementor-icon\">\n\t\t\t<i aria-hidden=\"true\" class=\"far fa-laugh\"><\/i>\t\t\t<\/div>\n\t\t<\/div>\n\t\t\t\t\t\t<\/div>\n\t\t\t\t<\/div>\n\t\t\t\t<div class=\"elementor-element elementor-element-b3f7f1a elementor-widget elementor-widget-penci-fancy_heading\" data-id=\"b3f7f1a\" data-element_type=\"widget\" data-e-type=\"widget\" data-widget_type=\"penci-fancy_heading.default\">\n\t\t\t\t<div class=\"elementor-widget-container\">\n\t\t\t\t\t\t\t<div class=\"penci-fancy-heading penci-heading-text-left\">\n\t\t\t<div class=\"penci-fancy-heading-inner\">\n\t\t\t\t<h2 class=\"penci-heading-title\"><span class=\"inner-tit\">Insieme per dare il massimo!<\/span><\/h2><div class=\"penci-heading-content entry-content\"><p>6 stabilimenti uniti per offrire una miriade di servizi per le vostre migliori vacanze!<\/p>\n<\/div>\t\t\t<\/div>\n\t\t<\/div>\n\t\t\t\t\t\t<\/div>\n\t\t\t\t<\/div>\n\t\t\t\t<div class=\"elementor-element elementor-element-89063eb elementor-align-left elementor-widget elementor-widget-button\" data-id=\"89063eb\" data-element_type=\"widget\" data-e-type=\"widget\" data-widget_type=\"button.default\">\n\t\t\t\t<div class=\"elementor-widget-container\">\n\t\t\t\t\t\t\t\t\t<div class=\"elementor-button-wrapper\">\n\t\t\t\t\t<a class=\"elementor-button elementor-button-link elementor-size-md\" href=\"mailto:info@lidodellesirene.com\">\n\t\t\t\t\t\t<span class=\"elementor-button-content-wrapper\">\n\t\t\t\t\t\t<span class=\"elementor-button-icon\">\n\t\t\t\t<i aria-hidden=\"true\" class=\"far fa-envelope\"><\/i>\t\t\t<\/span>\n\t\t\t\t\t\t\t\t\t<span class=\"elementor-button-text\">Prenota ora!<\/span>\n\t\t\t\t\t<\/span>\n\t\t\t\t\t<\/a>\n\t\t\t\t<\/div>\n\t\t\t\t\t\t\t\t<\/div>\n\t\t\t\t<\/div>\n\t\t\t\t\t<\/div>\n\t\t<\/div>\n\t\t\t\t\t<\/div>\n\t\t<\/section>\n\t\t\t\t<\/div>\n\t\t","protected":false},"excerpt":{"rendered":"<p>Listino 2026 In un contesto economico in cui i costi e le spese sembrano costantemente in ascesa, \u00e8 raro trovare un rifugio di stabilit\u00e0. Tariffe bassa stagione 2026 (fino al&hellip;<\/p>\n","protected":false},"author":2,"featured_media":0,"parent":0,"menu_order":0,"comment_status":"closed","ping_status":"closed","template":"page-fullwidth.php","meta":{"_lmt_disableupdate":"","_lmt_disable":"","footnotes":""},"class_list":["post-453","page","type-page","status-publish","hentry"],"lang":"it","translations":{"en":970,"it":453},"pll_sync_post":[],"_links":{"self":[{"href":"https:\/\/lidodellesirene.com\/index.php?rest_route=\/wp\/v2\/pages\/453","targetHints":{"allow":["GET"]}}],"collection":[{"href":"https:\/\/lidodellesirene.com\/index.php?rest_route=\/wp\/v2\/pages"}],"about":[{"href":"https:\/\/lidodellesirene.com\/index.php?rest_route=\/wp\/v2\/types\/page"}],"author":[{"embeddable":true,"href":"https:\/\/lidodellesirene.com\/index.php?rest_route=\/wp\/v2\/users\/2"}],"replies":[{"embeddable":true,"href":"https:\/\/lidodellesirene.com\/index.php?rest_route=%2Fwp%2Fv2%2Fcomments&post=453"}],"version-history":[{"count":58,"href":"https:\/\/lidodellesirene.com\/index.php?rest_route=\/wp\/v2\/pages\/453\/revisions"}],"predecessor-version":[{"id":4064,"href":"https:\/\/lidodellesirene.com\/index.php?rest_route=\/wp\/v2\/pages\/453\/revisions\/4064"}],"wp:attachment":[{"href":"https:\/\/lidodellesirene.com\/index.php?rest_route=%2Fwp%2Fv2%2Fmedia&parent=453"}],"curies":[{"name":"wp","href":"https:\/\/api.w.org\/{rel}","templated":true}]}}