{"id":3484,"date":"2024-09-03T20:44:52","date_gmt":"2024-09-03T20:44:52","guid":{"rendered":"https:\/\/lucid-feistel.85-215-42-191.plesk.page\/?page_id=3484"},"modified":"2024-09-14T15:37:30","modified_gmt":"2024-09-14T15:37:30","slug":"listino-2024-prezzi-spiaggia-cattolica-lido-delle-sirene","status":"publish","type":"page","link":"https:\/\/lidodellesirene.com\/?page_id=3484","title":{"rendered":"Politica di parit\u00e0 di genere al Lido delle Sirene"},"content":{"rendered":"\t\t<div data-elementor-type=\"wp-page\" data-elementor-id=\"3484\" class=\"elementor elementor-3484\" data-elementor-post-type=\"page\">\n\t\t\t\t\t\t<section class=\"penci-section penci-dmcheck penci-elbg-activate penci-disSticky penci-structure-10 elementor-section elementor-top-section elementor-element elementor-element-16d4620 elementor-section-boxed elementor-section-height-default elementor-section-height-default\" data-id=\"16d4620\" data-element_type=\"section\" data-e-type=\"section\" data-settings=\"{&quot;background_background&quot;:&quot;classic&quot;,&quot;shape_divider_bottom&quot;:&quot;waves&quot;}\">\n\t\t\t\t\t<div class=\"elementor-shape elementor-shape-bottom\" aria-hidden=\"true\" data-negative=\"false\">\n\t\t\t<svg xmlns=\"http:\/\/www.w3.org\/2000\/svg\" viewBox=\"0 0 1000 100\" preserveAspectRatio=\"none\">\n\t<path class=\"elementor-shape-fill\" d=\"M421.9,6.5c22.6-2.5,51.5,0.4,75.5,5.3c23.6,4.9,70.9,23.5,100.5,35.7c75.8,32.2,133.7,44.5,192.6,49.7\n\tc23.6,2.1,48.7,3.5,103.4-2.5c54.7-6,106.2-25.6,106.2-25.6V0H0v30.3c0,0,72,32.6,158.4,30.5c39.2-0.7,92.8-6.7,134-22.4\n\tc21.2-8.1,52.2-18.2,79.7-24.2C399.3,7.9,411.6,7.5,421.9,6.5z\"\/>\n<\/svg>\t\t<\/div>\n\t\t\t\t\t<div class=\"elementor-container elementor-column-gap-no\">\n\t\t\t\t\t<div class=\"penci-ercol-100 penci-ercol-order-1 penci-sticky-ct    elementor-column elementor-col-100 elementor-top-column elementor-element elementor-element-40dae33\" data-id=\"40dae33\" data-element_type=\"column\" data-e-type=\"column\">\n\t\t\t<div class=\"elementor-widget-wrap elementor-element-populated\">\n\t\t\t\t\t\t<div class=\"elementor-element elementor-element-2a7bd2f elementor-widget elementor-widget-penci-fancy_heading\" data-id=\"2a7bd2f\" data-element_type=\"widget\" data-e-type=\"widget\" data-widget_type=\"penci-fancy_heading.default\">\n\t\t\t\t<div class=\"elementor-widget-container\">\n\t\t\t\t\t\t\t<div class=\"penci-fancy-heading penci-heading-text-center\">\n\t\t\t<div class=\"penci-fancy-heading-inner\">\n\t\t\t\t<h2 class=\"penci-heading-title\"><span class=\"inner-tit\">Politica di Parit\u00e0 di genere<\/span><\/h2><div class=\"penci-heading-content entry-content\"><p>dello stabilimento balneare \"IL LIDO DELLE SIRENE\"<\/p>\n<\/div>\t\t\t<\/div>\n\t\t<\/div>\n\t\t\t\t\t\t<\/div>\n\t\t\t\t<\/div>\n\t\t\t\t\t<\/div>\n\t\t<\/div>\n\t\t\t\t\t<\/div>\n\t\t<\/section>\n\t\t\t\t<section class=\"penci-section penci-disSticky penci-structure-10 elementor-section elementor-top-section elementor-element elementor-element-6e951a7 elementor-section-boxed elementor-section-height-default elementor-section-height-default\" data-id=\"6e951a7\" data-element_type=\"section\" data-e-type=\"section\">\n\t\t\t\t\t\t<div class=\"elementor-container elementor-column-gap-default\">\n\t\t\t\t\t<div class=\"penci-ercol-100 penci-ercol-order-1 penci-sticky-ct    elementor-column elementor-col-100 elementor-top-column elementor-element elementor-element-2f1dd01\" data-id=\"2f1dd01\" data-element_type=\"column\" data-e-type=\"column\">\n\t\t\t<div class=\"elementor-widget-wrap elementor-element-populated\">\n\t\t\t\t\t\t<div class=\"elementor-element elementor-element-1392c4d elementor-widget elementor-widget-penci-text-block\" data-id=\"1392c4d\" data-element_type=\"widget\" data-e-type=\"widget\" data-widget_type=\"penci-text-block.default\">\n\t\t\t\t<div class=\"elementor-widget-container\">\n\t\t\t\t\t\t\t<div class=\"penci-block-vc penci-text-editor\">\n\t\t\t\t\t\t<div class=\"penci-block_content\">\n\t\t\t\t<div class=\"elementor-text-editor elementor-clearfix\"><p style=\"text-align: left;\"><strong>Benvenuti a &#8220;IL LIDO DELLE SIRENE&#8221;<\/strong><br \/>Siamo orgogliosi di condividere con voi la nostra <strong>politica di parit\u00e0 di genere<\/strong>, un impegno che riflette i nostri valori fondamentali di uguaglianza, rispetto e inclusivit\u00e0. Crediamo fermamente che<strong> ogni individuo debba avere le stesse opportunit\u00e0 e trattamenti<\/strong>, indipendentemente dal genere.<\/p><p style=\"text-align: left;\"><strong>I nostri impegni<br \/><\/strong><\/p><ul><li><strong>Assunzioni Inclusive:<\/strong> Garantiamo che le nostre procedure di assunzione siano trasparenti e prive di pregiudizi, assicurando pari opportunit\u00e0 a tutti i candidati.<br \/><br \/><\/li><li><strong>Formazione e Sviluppo:<\/strong> Offriamo programmi di formazione e sviluppo professionale a tutti i nostri dipendenti, promuovendo la crescita personale e professionale senza discriminazioni di genere.<br \/><br \/><\/li><li><strong>Equit\u00e0 Retributiva:<\/strong> Ci impegniamo a garantire una retribuzione equa per tutti i nostri dipendenti, basata sulle competenze e responsabilit\u00e0, non sul genere.<br \/><br \/><\/li><li><strong>Ambiente di Lavoro Inclusivo:<\/strong> Creiamo un ambiente di lavoro rispettoso e inclusivo, libero da discriminazioni e molestie, dove tutti le\/i dipendenti si sentono valorizzati e sicuri.<br \/><br \/><\/li><li><strong>Bilanciamento Vita-Lavoro:<\/strong> Promuoviamo politiche che facilitino il bilanciamento tra lavoro e vita privata, come orari flessibili e congedi per motivi familiari accessibili a tutti.<br \/><br \/><\/li><li><strong>Gestione della carriera:<\/strong> assicuriamo che le opportunit\u00e0 di crescita e sviluppo professionale siano equamente distribuite tra i dipendenti di entrambi i sessi.<\/li><\/ul><p>\u00a0<\/p><p><strong>II Nostro Obiettivo<br \/><\/strong>Il nostro obiettivo \u00e8 costruire un luogo di lavoro equo e rispettoso, che riconosca e valorizzi le diversit\u00e0. Invitiamo tutti i clienti e i dipendenti a unirsi a noi in questo impegno per promuovere la parit\u00e0 di genere.<\/p><p><strong>Segnalazioni e Suggerimenti<\/strong><\/p><p>Se avete suggerimenti su come possiamo migliorare ulteriormente le nostre pratiche di parit\u00e0 di genere, o se avete preoccupazioni da segnalare, vi preghiamo di contattare il nostro responsabile delle risorse umane all&#8217;indirizzo info@lidodellesirene.com o al numero O541835323<\/p><p>Grazie per la collaborazione<\/p><\/div>\n\t\t\t<\/div>\n\t\t<\/div>\n\t\t\t\t\t\t<\/div>\n\t\t\t\t<\/div>\n\t\t\t\t\t<\/div>\n\t\t<\/div>\n\t\t\t\t\t<\/div>\n\t\t<\/section>\n\t\t\t\t<section class=\"penci-section penci-disSticky penci-structure-10 elementor-section elementor-top-section elementor-element elementor-element-f05cf1e elementor-section-boxed elementor-section-height-default elementor-section-height-default\" data-id=\"f05cf1e\" data-element_type=\"section\" data-e-type=\"section\">\n\t\t\t\t\t\t<div class=\"elementor-container elementor-column-gap-no\">\n\t\t\t\t\t<div class=\"penci-ercol-100 penci-ercol-order-1 penci-sticky-ct    elementor-column elementor-col-100 elementor-top-column elementor-element elementor-element-36e55f1\" data-id=\"36e55f1\" data-element_type=\"column\" data-e-type=\"column\">\n\t\t\t<div class=\"elementor-widget-wrap elementor-element-populated\">\n\t\t\t\t\t\t<section class=\"penci-section penci-disSticky penci-structure-10 elementor-section elementor-inner-section elementor-element elementor-element-cc4b680 elementor-section-boxed elementor-section-height-default elementor-section-height-default\" data-id=\"cc4b680\" data-element_type=\"section\" data-e-type=\"section\">\n\t\t\t\t\t\t<div class=\"elementor-container elementor-column-gap-extended\">\n\t\t\t\t\t<div class=\"penci-ercol-100 penci-ercol-order-1 penci-sticky-ct    elementor-column elementor-col-100 elementor-inner-column elementor-element elementor-element-57b7a58\" data-id=\"57b7a58\" data-element_type=\"column\" data-e-type=\"column\">\n\t\t\t<div class=\"elementor-widget-wrap elementor-element-populated\">\n\t\t\t\t\t\t<div class=\"elementor-element elementor-element-40b41b4 elementor-widget elementor-widget-image\" data-id=\"40b41b4\" data-element_type=\"widget\" data-e-type=\"widget\" data-widget_type=\"image.default\">\n\t\t\t\t<div class=\"elementor-widget-container\">\n\t\t\t\t\t\t\t\t\t\t\t\t<figure class=\"wp-caption\">\n\t\t\t\t\t\t\t\t\t\t<img fetchpriority=\"high\" decoding=\"async\" width=\"741\" height=\"1024\" src=\"https:\/\/lidodellesirene.com\/wp-content\/uploads\/2024\/09\/parita-di-genere.jpg\" class=\"attachment-large size-large wp-image-3483\" alt=\"politica di parit\u00e0 di genere\" srcset=\"https:\/\/lidodellesirene.com\/wp-content\/uploads\/2024\/09\/parita-di-genere.jpg 741w, https:\/\/lidodellesirene.com\/wp-content\/uploads\/2024\/09\/parita-di-genere-217x300.jpg 217w, https:\/\/lidodellesirene.com\/wp-content\/uploads\/2024\/09\/parita-di-genere-585x808.jpg 585w\" sizes=\"(max-width: 741px) 100vw, 741px\" \/>\t\t\t\t\t\t\t\t\t\t\t<figcaption class=\"widget-image-caption wp-caption-text\"><\/figcaption>\n\t\t\t\t\t\t\t\t\t\t<\/figure>\n\t\t\t\t\t\t\t\t\t<\/div>\n\t\t\t\t<\/div>\n\t\t\t\t\t<\/div>\n\t\t<\/div>\n\t\t\t\t\t<\/div>\n\t\t<\/section>\n\t\t\t\t<div class=\"elementor-element elementor-element-a601385 elementor-widget elementor-widget-spacer\" data-id=\"a601385\" data-element_type=\"widget\" data-e-type=\"widget\" data-widget_type=\"spacer.default\">\n\t\t\t\t<div class=\"elementor-widget-container\">\n\t\t\t\t\t\t\t<div class=\"elementor-spacer\">\n\t\t\t<div class=\"elementor-spacer-inner\"><\/div>\n\t\t<\/div>\n\t\t\t\t\t\t<\/div>\n\t\t\t\t<\/div>\n\t\t\t\t\t<\/div>\n\t\t<\/div>\n\t\t\t\t\t<\/div>\n\t\t<\/section>\n\t\t\t\t<section class=\"penci-section penci-dmcheck penci-elbg-activate penci-elbg-img penci-disSticky penci-structure-20 elementor-section elementor-top-section elementor-element elementor-element-5564ce7 elementor-section-boxed elementor-section-height-default elementor-section-height-default\" data-id=\"5564ce7\" data-element_type=\"section\" data-e-type=\"section\" data-settings=\"{&quot;background_background&quot;:&quot;classic&quot;,&quot;shape_divider_top&quot;:&quot;waves&quot;}\">\n\t\t\t\t\t\t\t<div class=\"elementor-background-overlay\"><\/div>\n\t\t\t\t\t\t<div class=\"elementor-shape elementor-shape-top\" aria-hidden=\"true\" data-negative=\"false\">\n\t\t\t<svg xmlns=\"http:\/\/www.w3.org\/2000\/svg\" viewBox=\"0 0 1000 100\" preserveAspectRatio=\"none\">\n\t<path class=\"elementor-shape-fill\" d=\"M421.9,6.5c22.6-2.5,51.5,0.4,75.5,5.3c23.6,4.9,70.9,23.5,100.5,35.7c75.8,32.2,133.7,44.5,192.6,49.7\n\tc23.6,2.1,48.7,3.5,103.4-2.5c54.7-6,106.2-25.6,106.2-25.6V0H0v30.3c0,0,72,32.6,158.4,30.5c39.2-0.7,92.8-6.7,134-22.4\n\tc21.2-8.1,52.2-18.2,79.7-24.2C399.3,7.9,411.6,7.5,421.9,6.5z\"\/>\n<\/svg>\t\t<\/div>\n\t\t\t\t\t<div class=\"elementor-container elementor-column-gap-wider\">\n\t\t\t\t\t<div class=\"penci-ercol-50 penci-ercol-order-1 penci-sticky-ct    elementor-column elementor-col-50 elementor-top-column elementor-element elementor-element-207d505\" data-id=\"207d505\" data-element_type=\"column\" data-e-type=\"column\">\n\t\t\t<div class=\"elementor-widget-wrap\">\n\t\t\t\t\t\t\t<\/div>\n\t\t<\/div>\n\t\t\t\t<div class=\"penci-ercol-50 penci-ercol-order-2 penci-sticky-ct    elementor-column elementor-col-50 elementor-top-column elementor-element elementor-element-5699fb5\" data-id=\"5699fb5\" data-element_type=\"column\" data-e-type=\"column\">\n\t\t\t<div class=\"elementor-widget-wrap elementor-element-populated\">\n\t\t\t\t\t\t<div class=\"elementor-element elementor-element-e20dadd elementor-view-default elementor-widget elementor-widget-icon\" data-id=\"e20dadd\" data-element_type=\"widget\" data-e-type=\"widget\" data-widget_type=\"icon.default\">\n\t\t\t\t<div class=\"elementor-widget-container\">\n\t\t\t\t\t\t\t<div class=\"elementor-icon-wrapper\">\n\t\t\t<div class=\"elementor-icon\">\n\t\t\t<i aria-hidden=\"true\" class=\"far fa-laugh\"><\/i>\t\t\t<\/div>\n\t\t<\/div>\n\t\t\t\t\t\t<\/div>\n\t\t\t\t<\/div>\n\t\t\t\t<div class=\"elementor-element elementor-element-b3f7f1a elementor-widget elementor-widget-penci-fancy_heading\" data-id=\"b3f7f1a\" data-element_type=\"widget\" data-e-type=\"widget\" data-widget_type=\"penci-fancy_heading.default\">\n\t\t\t\t<div class=\"elementor-widget-container\">\n\t\t\t\t\t\t\t<div class=\"penci-fancy-heading penci-heading-text-left\">\n\t\t\t<div class=\"penci-fancy-heading-inner\">\n\t\t\t\t<h2 class=\"penci-heading-title\"><span class=\"inner-tit\">Insieme per dare il massimo!<\/span><\/h2><div class=\"penci-heading-content entry-content\"><p>6 stabilimenti uniti per offrire una miriade di servizi per le vostre migliori vacanze!<\/p>\n<\/div>\t\t\t<\/div>\n\t\t<\/div>\n\t\t\t\t\t\t<\/div>\n\t\t\t\t<\/div>\n\t\t\t\t<div class=\"elementor-element elementor-element-89063eb elementor-align-left elementor-widget elementor-widget-button\" data-id=\"89063eb\" data-element_type=\"widget\" data-e-type=\"widget\" data-widget_type=\"button.default\">\n\t\t\t\t<div class=\"elementor-widget-container\">\n\t\t\t\t\t\t\t\t\t<div class=\"elementor-button-wrapper\">\n\t\t\t\t\t<a class=\"elementor-button elementor-button-link elementor-size-md\" href=\"mailto:info@lidodellesirene.com\">\n\t\t\t\t\t\t<span class=\"elementor-button-content-wrapper\">\n\t\t\t\t\t\t<span class=\"elementor-button-icon\">\n\t\t\t\t<i aria-hidden=\"true\" class=\"far fa-envelope\"><\/i>\t\t\t<\/span>\n\t\t\t\t\t\t\t\t\t<span class=\"elementor-button-text\">Prenota ora!<\/span>\n\t\t\t\t\t<\/span>\n\t\t\t\t\t<\/a>\n\t\t\t\t<\/div>\n\t\t\t\t\t\t\t\t<\/div>\n\t\t\t\t<\/div>\n\t\t\t\t\t<\/div>\n\t\t<\/div>\n\t\t\t\t\t<\/div>\n\t\t<\/section>\n\t\t\t\t<\/div>\n\t\t","protected":false},"excerpt":{"rendered":"<p>Politica di Parit\u00e0 di genere dello stabilimento balneare &#8220;IL LIDO DELLE SIRENE&#8221; Benvenuti a &#8220;IL LIDO DELLE SIRENE&#8221;Siamo orgogliosi di condividere con voi la nostra politica di parit\u00e0 di genere,&hellip;<\/p>\n","protected":false},"author":1,"featured_media":0,"parent":0,"menu_order":0,"comment_status":"closed","ping_status":"closed","template":"page-fullwidth.php","meta":{"_lmt_disableupdate":"","_lmt_disable":"","footnotes":""},"class_list":["post-3484","page","type-page","status-publish","hentry"],"lang":"it","translations":{"en":3515,"it":3484},"pll_sync_post":[],"_links":{"self":[{"href":"https:\/\/lidodellesirene.com\/index.php?rest_route=\/wp\/v2\/pages\/3484","targetHints":{"allow":["GET"]}}],"collection":[{"href":"https:\/\/lidodellesirene.com\/index.php?rest_route=\/wp\/v2\/pages"}],"about":[{"href":"https:\/\/lidodellesirene.com\/index.php?rest_route=\/wp\/v2\/types\/page"}],"author":[{"embeddable":true,"href":"https:\/\/lidodellesirene.com\/index.php?rest_route=\/wp\/v2\/users\/1"}],"replies":[{"embeddable":true,"href":"https:\/\/lidodellesirene.com\/index.php?rest_route=%2Fwp%2Fv2%2Fcomments&post=3484"}],"version-history":[{"count":9,"href":"https:\/\/lidodellesirene.com\/index.php?rest_route=\/wp\/v2\/pages\/3484\/revisions"}],"predecessor-version":[{"id":3514,"href":"https:\/\/lidodellesirene.com\/index.php?rest_route=\/wp\/v2\/pages\/3484\/revisions\/3514"}],"wp:attachment":[{"href":"https:\/\/lidodellesirene.com\/index.php?rest_route=%2Fwp%2Fv2%2Fmedia&parent=3484"}],"curies":[{"name":"wp","href":"https:\/\/api.w.org\/{rel}","templated":true}]}}